{"id":1304,"date":"2025-07-18T13:14:34","date_gmt":"2025-07-18T12:14:34","guid":{"rendered":"https:\/\/headoftimefestival.fr\/?page_id=1304"},"modified":"2025-09-08T10:00:33","modified_gmt":"2025-09-08T09:00:33","slug":"contact","status":"publish","type":"page","link":"https:\/\/headoftimefestival.fr\/?page_id=1304","title":{"rendered":"Contact"},"content":{"rendered":"\n<p class=\"has-text-align-center\"><strong>Une question sur le festival ?<\/strong><br>Contactez-nous au plus t\u00f4t<\/p>\n\n\n\n<div class=\"forminator-guttenberg\"><div class=\"forminator-ui forminator-custom-form forminator-custom-form-1333 forminator-design--default  forminator_ajax\" data-forminator-render=\"0\" data-form=\"forminator-module-1333\" data-uid=\"69d527c7e6a56\"><br\/><\/div><form\n\t\t\t\tid=\"forminator-module-1333\"\n\t\t\t\tclass=\"forminator-ui forminator-custom-form forminator-custom-form-1333 forminator-design--default  forminator_ajax\"\n\t\t\t\tmethod=\"post\"\n\t\t\t\tdata-forminator-render=\"0\"\n\t\t\t\tdata-form-id=\"1333\"\n\t\t\t\t\n\t\t\t\tdata-design=\"default\"\n\t\t\t\tdata-color-option=\"theme\"\n\t\t\t\t\n\t\t\t\t\n\t\t\t\t\n\t\t\t\tdata-grid=\"open\"\n\t\t\t\t\n\t\t\t\t\n\t\t\t\tstyle=\"display: none;\"\n\t\t\t\t\n\t\t\t\tdata-uid=\"69d527c7e6a56\"\n\t\t\t><div role=\"alert\" aria-live=\"polite\" class=\"forminator-response-message forminator-error\" aria-hidden=\"true\"><\/div><div class=\"forminator-row\"><div id=\"name-1\" class=\"forminator-field-name forminator-col forminator-col-12 \"><div class=\"forminator-field\"><label for=\"forminator-field-name-1_69d527c7e6a56\" id=\"forminator-field-name-1_69d527c7e6a56-label\" class=\"forminator-label\">Pr\u00e9nom <span class=\"forminator-required\">*<\/span><\/label><input type=\"text\" name=\"name-1\" value=\"\" placeholder=\"\" id=\"forminator-field-name-1_69d527c7e6a56\" class=\"forminator-input forminator-name--field\" aria-required=\"true\" \/><\/div><\/div><\/div><div class=\"forminator-row\"><div id=\"email-1\" class=\"forminator-field-email forminator-col forminator-col-12 \"><div class=\"forminator-row-inside forminator-row-with-confirmation-email\"><div class=\"forminator-col forminator-col-6\"><div class=\"forminator-field\"><label for=\"forminator-field-email-1_69d527c7e6a56\" id=\"forminator-field-email-1_69d527c7e6a56-label\" class=\"forminator-label\">Adresse de messagerie <span class=\"forminator-required\">*<\/span><\/label><input type=\"email\" name=\"email-1\" value=\"\" placeholder=\"\" id=\"forminator-field-email-1_69d527c7e6a56\" class=\"forminator-input forminator-email--field\" data-required=\"true\" aria-required=\"true\" \/><\/div><\/div><div class=\"forminator-col forminator-col-6\"><div class=\"forminator-field\"><label for=\"forminator-field-confirm_email-1_69d527c7e6a56\" id=\"forminator-field-confirm_email-1_69d527c7e6a56-label\" class=\"forminator-label\">Confirm Email Address <span class=\"forminator-required\">*<\/span><\/label><input type=\"email\" name=\"confirm_email-1\" value=\"\" placeholder=\"Re-type Email Address\" id=\"forminator-field-confirm_email-1_69d527c7e6a56\" class=\"forminator-input forminator-name--field\" data-required=\"true\" aria-required=\"true\" \/><\/div><\/div><\/div><\/div><\/div><div class=\"forminator-row\"><div id=\"phone-1\" class=\"forminator-field-phone forminator-col forminator-col-12 \"><div class=\"forminator-field\"><label for=\"forminator-field-phone-1_69d527c7e6a56\" id=\"forminator-field-phone-1_69d527c7e6a56-label\" class=\"forminator-label\">Num\u00e9ro de t\u00e9l\u00e9phone<\/label><input type=\"text\" name=\"phone-1\" value=\"\" placeholder=\"\" id=\"forminator-field-phone-1_69d527c7e6a56\" class=\"forminator-input forminator-field--phone\" data-required=\"\" aria-required=\"false\" autocomplete=\"off\" \/><\/div><\/div><\/div><div class=\"forminator-row\"><div id=\"textarea-1\" class=\"forminator-field-textarea forminator-col forminator-col-12 \"><div class=\"forminator-field\"><label for=\"forminator-field-textarea-1_69d527c7e6a56\" id=\"forminator-field-textarea-1_69d527c7e6a56-label\" class=\"forminator-label\">Message<\/label><span id=\"forminator-field-textarea-1_69d527c7e6a56-description\" class=\"forminator-description\"><span data-limit=\"180\" data-type=\"characters\" data-editor=\"\">0 \/ 180<\/span><\/span><textarea name=\"textarea-1\" placeholder=\"\" id=\"forminator-field-textarea-1_69d527c7e6a56\" class=\"forminator-textarea\" rows=\"6\" style=\"min-height:140px;\" maxlength=\"180\" ><\/textarea><\/div><\/div><\/div><input type=\"hidden\" name=\"referer_url\" value=\"\" \/><div class=\"forminator-row forminator-row-last\"><div class=\"forminator-col\"><div class=\"forminator-field\"><button class=\"forminator-button forminator-button-submit\">Envoyer<\/button><\/div><\/div><\/div><input type=\"hidden\" id=\"forminator_nonce\" name=\"forminator_nonce\" value=\"a4cfb8ced4\" \/><input type=\"hidden\" name=\"_wp_http_referer\" value=\"\/index.php?rest_route=%2Fwp%2Fv2%2Fpages%2F1304\" \/><input type=\"hidden\" name=\"form_id\" value=\"1333\"><input type=\"hidden\" name=\"page_id\" value=\"1304\"><input type=\"hidden\" name=\"form_type\" value=\"default\"><input type=\"hidden\" name=\"current_url\" value=\"https:\/\/headoftimefestival.fr\/?page_id=1304\"><input type=\"hidden\" name=\"render_id\" value=\"0\"><input type=\"hidden\" name=\"action\" value=\"forminator_submit_form_custom-forms\"><\/form><\/div>\n\n\n\n<hr class=\"wp-block-separator has-alpha-channel-opacity\"\/>\n\n\n\n<h2 class=\"wp-block-heading has-text-align-center\"><strong>Pour les mineurs :<\/strong><\/h2>\n\n\n\n<div data-wp-interactive=\"core\/file\" class=\"wp-block-file\"><object data-wp-bind--hidden=\"!state.hasPdfPreview\" hidden class=\"wp-block-file__embed\" data=\"https:\/\/headoftimefestival.fr\/wp-content\/uploads\/2025\/09\/Autorisation-Responsable-legal.pdf\" type=\"application\/pdf\" style=\"width:100%;height:600px\" aria-label=\"Contenu embarqu\u00e9 Autorisation Responsable legal.\"><\/object><a id=\"wp-block-file--media-a1ccdf0a-7a87-42eb-8f85-1fe7941dd856\" href=\"https:\/\/headoftimefestival.fr\/wp-content\/uploads\/2025\/09\/Autorisation-Responsable-legal.pdf\">Autorisation Responsable legal<\/a><a href=\"https:\/\/headoftimefestival.fr\/wp-content\/uploads\/2025\/09\/Autorisation-Responsable-legal.pdf\" class=\"wp-block-file__button wp-element-button\" download aria-describedby=\"wp-block-file--media-a1ccdf0a-7a87-42eb-8f85-1fe7941dd856\">T\u00e9l\u00e9charger<\/a><\/div>\n","protected":false},"excerpt":{"rendered":"<p>Une question sur le festival ?Contactez-nous au plus t\u00f4t Pour les mineurs :<\/p>\n","protected":false},"author":1,"featured_media":0,"parent":0,"menu_order":10,"comment_status":"closed","ping_status":"closed","template":"","meta":{"footnotes":""},"class_list":["post-1304","page","type-page","status-publish","hentry"],"_links":{"self":[{"href":"https:\/\/headoftimefestival.fr\/index.php?rest_route=\/wp\/v2\/pages\/1304","targetHints":{"allow":["GET"]}}],"collection":[{"href":"https:\/\/headoftimefestival.fr\/index.php?rest_route=\/wp\/v2\/pages"}],"about":[{"href":"https:\/\/headoftimefestival.fr\/index.php?rest_route=\/wp\/v2\/types\/page"}],"author":[{"embeddable":true,"href":"https:\/\/headoftimefestival.fr\/index.php?rest_route=\/wp\/v2\/users\/1"}],"replies":[{"embeddable":true,"href":"https:\/\/headoftimefestival.fr\/index.php?rest_route=%2Fwp%2Fv2%2Fcomments&post=1304"}],"version-history":[{"count":0,"href":"https:\/\/headoftimefestival.fr\/index.php?rest_route=\/wp\/v2\/pages\/1304\/revisions"}],"wp:attachment":[{"href":"https:\/\/headoftimefestival.fr\/index.php?rest_route=%2Fwp%2Fv2%2Fmedia&parent=1304"}],"curies":[{"name":"wp","href":"https:\/\/api.w.org\/{rel}","templated":true}]}}