{"id":1306,"date":"2025-07-18T13:15:05","date_gmt":"2025-07-18T12:15:05","guid":{"rendered":"https:\/\/headoftimefestival.fr\/?page_id=1306"},"modified":"2025-08-28T16:29:56","modified_gmt":"2025-08-28T15:29:56","slug":"conditions-generales","status":"publish","type":"page","link":"https:\/\/headoftimefestival.fr\/?page_id=1306","title":{"rendered":"Conditions G\u00e9n\u00e9rales"},"content":{"rendered":"<div data-colibri-id=\"1306-c1\" class=\"style-379 style-local-1306-c1 position-relative\">\r\n  <!---->\r\n  <div data-colibri-component=\"section\" data-colibri-id=\"1306-c2\" id=\"custom\" class=\"h-section h-section-global-spacing d-flex align-items-lg-center align-items-md-center align-items-center style-380 style-local-1306-c2 position-relative\">\r\n    <!---->\r\n    <!---->\r\n    <div class=\"h-section-grid-container h-section-boxed-container\">\r\n      <!---->\r\n      <div data-colibri-id=\"1306-c3\" class=\"h-row-container gutters-row-lg-2 gutters-row-md-2 gutters-row-0 gutters-row-v-lg-2 gutters-row-v-md-2 gutters-row-v-2 style-381 style-local-1306-c3 position-relative\">\r\n        <!---->\r\n        <div class=\"h-row justify-content-lg-center justify-content-md-center justify-content-center align-items-lg-stretch align-items-md-stretch align-items-stretch gutters-col-lg-2 gutters-col-md-2 gutters-col-0 gutters-col-v-lg-2 gutters-col-v-md-2 gutters-col-v-2\">\r\n          <!---->\r\n          <div class=\"h-column h-column-container d-flex h-col-lg-auto h-col-md-auto h-col-auto style-382-outer style-local-1306-c4-outer\">\r\n            <div data-colibri-id=\"1306-c4\" class=\"d-flex h-flex-basis h-column__inner h-px-lg-2 h-px-md-2 h-px-2 v-inner-lg-2 v-inner-md-2 v-inner-2 style-382 style-local-1306-c4 position-relative\">\r\n              <!---->\r\n              <!---->\r\n              <div class=\"w-100 h-y-container h-column__content h-column__v-align flex-basis-100 align-self-lg-start align-self-md-start align-self-start\">\r\n                <!---->\r\n                <div data-colibri-id=\"1306-c5\" class=\"h-text h-text-component style-383 style-local-1306-c5 position-relative h-element\">\r\n                  <!---->\r\n                  <!---->\r\n                  <div class=\"\">\r\n                    <p>\ud83d\udd12 S\u00e9curit\u00e9 des enfants<\/p>\r\n                    <p>Pour des raisons de s\u00e9curit\u00e9, l\u2019acc\u00e8s au festival est interdit aux enfants de moins de 3 ans et d\u00e9conseill\u00e9 aux moins de 6 ans.<\/p>\r\n                    <p>Les mineurs non accompagn\u00e9s d\u2019un repr\u00e9sentant l\u00e9gal doivent obligatoirement pr\u00e9senter une autorisation parentale, disponible sur simple demande.<\/p>\r\n                    <p>\r\n                      <br>\r\n                    <\/p>\r\n                    <p>\r\n                      <img decoding=\"async\" draggable=\"false\" role=\"img\" class=\"emoji lazyload\" alt=\"\ud83d\udc3e\" data-src=\"https:\/\/s.w.org\/images\/core\/emoji\/16.0.1\/svg\/1f43e.svg\" src=\"data:image\/svg+xml;base64,PHN2ZyB3aWR0aD0iMSIgaGVpZ2h0PSIxIiB4bWxucz0iaHR0cDovL3d3dy53My5vcmcvMjAwMC9zdmciPjwvc3ZnPg==\"> Animaux non admis<\/p>\r\n                    <p>Par respect pour tous et pour garantir la tranquillit\u00e9 du site, les animaux ne sont pas autoris\u00e9s sur le festival.<\/p>\r\n                    <p>\r\n                      <br>\r\n                    <\/p>\r\n                    <p>\r\n                      <img decoding=\"async\" draggable=\"false\" role=\"img\" class=\"emoji lazyload\" alt=\"\u26a0\ufe0f\" data-src=\"https:\/\/s.w.org\/images\/core\/emoji\/16.0.1\/svg\/26a0.svg\" src=\"data:image\/svg+xml;base64,PHN2ZyB3aWR0aD0iMSIgaGVpZ2h0PSIxIiB4bWxucz0iaHR0cDovL3d3dy53My5vcmcvMjAwMC9zdmciPjwvc3ZnPg==\"> Comportement<\/p>\r\n                    <p>Tout comportement inappropri\u00e9, perturbateur ou irrespectueux fera l\u2019objet d\u2019une tol\u00e9rance z\u00e9ro. Aucune incivilit\u00e9 ne sera accept\u00e9e.<\/p>\r\n                    <p>\r\n                      <br>\r\n                    <\/p>\r\n                    <p>\r\n                      <img decoding=\"async\" draggable=\"false\" role=\"img\" class=\"emoji lazyload\" alt=\"\ud83c\udf9f\" data-src=\"https:\/\/s.w.org\/images\/core\/emoji\/16.0.1\/svg\/1f39f.svg\" src=\"data:image\/svg+xml;base64,PHN2ZyB3aWR0aD0iMSIgaGVpZ2h0PSIxIiB4bWxucz0iaHR0cDovL3d3dy53My5vcmcvMjAwMC9zdmciPjwvc3ZnPg==\"> Billetterie<\/p>\r\n                    <p>Les billets sont remboursables uniquement en cas d\u2019annulation de l\u2019\u00e9v\u00e9nement HEAD OF TIME.<\/p>\r\n                    <p>\r\n                      <br>\r\n                    <\/p>\r\n                    <p>\r\n                      <img decoding=\"async\" draggable=\"false\" role=\"img\" class=\"emoji lazyload\" alt=\"\ud83d\udce7\" data-src=\"https:\/\/s.w.org\/images\/core\/emoji\/16.0.1\/svg\/1f4e7.svg\" src=\"data:image\/svg+xml;base64,PHN2ZyB3aWR0aD0iMSIgaGVpZ2h0PSIxIiB4bWxucz0iaHR0cDovL3d3dy53My5vcmcvMjAwMC9zdmciPjwvc3ZnPg==\"> Donn\u00e9es personnelles<\/p>\r\n                    <p>Le formulaire de contact recueille uniquement votre adresse e-mail, transmise \u00e0 l\u2019organisation dans le seul but de vous recontacter. Aucune donn\u00e9e ne sera utilis\u00e9e \u00e0 des fins commerciales.<\/p>\r\n                    <p>\r\n                      <br>\r\n                    <\/p>\r\n                    <p>\r\n                      <img decoding=\"async\" draggable=\"false\" role=\"img\" class=\"emoji lazyload\" alt=\"\ud83d\udcf8\" data-src=\"https:\/\/s.w.org\/images\/core\/emoji\/16.0.1\/svg\/1f4f8.svg\" src=\"data:image\/svg+xml;base64,PHN2ZyB3aWR0aD0iMSIgaGVpZ2h0PSIxIiB4bWxucz0iaHR0cDovL3d3dy53My5vcmcvMjAwMC9zdmciPjwvc3ZnPg==\"> Photos &amp; communication<\/p>\r\n                    <p>En r\u00e9servant votre place, vous acceptez d\u2019\u00eatre potentiellement photographi\u00e9(e) pendant l\u2019\u00e9v\u00e9nement. Ces images pourront \u00eatre utilis\u00e9es exclusivement pour nos r\u00e9seaux sociaux.<\/p>\r\n                    <p>Si vous ne souhaitez pas appara\u00eetre sur ces contenus, contactez-nous \u00e0 l\u2019avance.<\/p>\r\n                    <p>\r\n                      <br>\r\n                    <\/p>\r\n                    <p>\r\n                      <img decoding=\"async\" draggable=\"false\" role=\"img\" class=\"emoji lazyload\" alt=\"\ud83d\udcac\" data-src=\"https:\/\/s.w.org\/images\/core\/emoji\/16.0.1\/svg\/1f4ac.svg\" src=\"data:image\/svg+xml;base64,PHN2ZyB3aWR0aD0iMSIgaGVpZ2h0PSIxIiB4bWxucz0iaHR0cDovL3d3dy53My5vcmcvMjAwMC9zdmciPjwvc3ZnPg==\"> Une question ?<\/p>\r\n                    <p>\u00c9crivez-nous directement sur Facebook, Instagram ou TikTok. Nous vous r\u00e9pondrons avec plaisir !<\/p>\r\n                  <\/div>\r\n                <\/div>\r\n              <\/div>\r\n            <\/div>\r\n          <\/div>\r\n        <\/div>\r\n      <\/div>\r\n    <\/div>\r\n  <\/div>\r\n<\/div>","protected":false},"excerpt":{"rendered":"<p>\ud83d\udd12 S\u00e9curit\u00e9 des enfants Pour des raisons de s\u00e9curit\u00e9, l\u2019acc\u00e8s au festival est interdit aux enfants de moins de 3 ans et d\u00e9conseill\u00e9 aux moins de 6 ans. Les mineurs non accompagn\u00e9s d\u2019un repr\u00e9sentant l\u00e9gal doivent obligatoirement pr\u00e9senter une autorisation parentale, disponible sur simple demande. Animaux non admis Par respect pour tous et pour garantir [&hellip;]<\/p>\n","protected":false},"author":1,"featured_media":0,"parent":0,"menu_order":70,"comment_status":"closed","ping_status":"closed","template":"page-templates\/full-width-page.php","meta":{"footnotes":""},"class_list":["post-1306","page","type-page","status-publish","hentry"],"_links":{"self":[{"href":"https:\/\/headoftimefestival.fr\/index.php?rest_route=\/wp\/v2\/pages\/1306","targetHints":{"allow":["GET"]}}],"collection":[{"href":"https:\/\/headoftimefestival.fr\/index.php?rest_route=\/wp\/v2\/pages"}],"about":[{"href":"https:\/\/headoftimefestival.fr\/index.php?rest_route=\/wp\/v2\/types\/page"}],"author":[{"embeddable":true,"href":"https:\/\/headoftimefestival.fr\/index.php?rest_route=\/wp\/v2\/users\/1"}],"replies":[{"embeddable":true,"href":"https:\/\/headoftimefestival.fr\/index.php?rest_route=%2Fwp%2Fv2%2Fcomments&post=1306"}],"version-history":[{"count":3,"href":"https:\/\/headoftimefestival.fr\/index.php?rest_route=\/wp\/v2\/pages\/1306\/revisions"}],"predecessor-version":[{"id":1364,"href":"https:\/\/headoftimefestival.fr\/index.php?rest_route=\/wp\/v2\/pages\/1306\/revisions\/1364"}],"wp:attachment":[{"href":"https:\/\/headoftimefestival.fr\/index.php?rest_route=%2Fwp%2Fv2%2Fmedia&parent=1306"}],"curies":[{"name":"wp","href":"https:\/\/api.w.org\/{rel}","templated":true}]}}